{"id":3408,"date":"2023-05-14T21:00:55","date_gmt":"2023-05-14T19:00:55","guid":{"rendered":"https:\/\/www.villaagnona.it\/?page_id=3408"},"modified":"2023-05-17T09:25:43","modified_gmt":"2023-05-17T07:25:43","slug":"regolamento-villa-agnona","status":"publish","type":"page","link":"https:\/\/www.villaagnona.it\/en\/regolamento-villa-agnona\/","title":{"rendered":"Regolamento Villa Agnona"},"content":{"rendered":"<div data-elementor-type=\"wp-page\" data-elementor-id=\"3408\" class=\"elementor elementor-3408\" data-elementor-post-type=\"page\">\n\t\t\t\t<div class=\"elementor-element elementor-element-1477da5 e-con-full e-flex e-con e-parent\" data-id=\"1477da5\" data-element_type=\"container\" data-e-type=\"container\" data-settings=\"{&quot;background_background&quot;:&quot;classic&quot;,&quot;jet_parallax_layout_list&quot;:[]}\">\n\t\t\t\t<div class=\"elementor-element elementor-element-8cc4741 elementor-widget elementor-widget-heading\" data-id=\"8cc4741\" data-element_type=\"widget\" data-e-type=\"widget\" data-widget_type=\"heading.default\">\n\t\t\t\t<div class=\"elementor-widget-container\">\n\t\t\t\t\t<h1 class=\"elementor-heading-title elementor-size-default\">Rules and Regulations<\/h1>\t\t\t\t<\/div>\n\t\t\t\t<\/div>\n\t\t\t\t<\/div>\n\t\t<div class=\"elementor-element elementor-element-86a00be e-flex e-con-boxed e-con e-parent\" data-id=\"86a00be\" data-element_type=\"container\" data-e-type=\"container\" data-settings=\"{&quot;jet_parallax_layout_list&quot;:[]}\">\n\t\t\t\t\t<div class=\"e-con-inner\">\n\t\t\t\t<div class=\"elementor-element elementor-element-2b148a9 elementor-widget elementor-widget-text-editor\" data-id=\"2b148a9\" data-element_type=\"widget\" data-e-type=\"widget\" data-widget_type=\"text-editor.default\">\n\t\t\t\t<div class=\"elementor-widget-container\">\n\t\t\t\t\t\t\t\t\t<p class=\"p1\">Il Regolamento \u00e8 istituito per garantire a tutti gli ospiti un ordinato, sereno e pacifico utilizzo della struttura. <br \/>Esso ha natura contrattuale pertanto l\u2019invio della prenotazione e\/o la compilazione dei dati sul Portale Ospite comporta per il Cliente formalmente e ad ogni effetto accettazione del presente Regolamento, in ogni sua clausola e previsione.<\/p><p class=\"p1\">Il rapporto con Villa Agnona \u00e8 regolato dalla Legge Italiana e l\u2019inosservanza della predetta legge comporta l\u2019allontanamento dell\u2019Ospite e la segnalazione alle autorit\u00e0 di pubblica sicurezza, polizia o carabinieri.<\/p><p class=\"p1\"><strong>Booking conditions <\/strong><\/p><p class=\"p1\">Il Cliente con l\u2019invio della prenotazione conferma di aver preso visione e di accettare espressamente le Condizioni di Prenotazione che formano parte integrante del presente Regolamento. <br \/>The reservation must be confirmed by the customer by providing their credit card details as a guarantee. <br \/>L\u2019invio dei dati della carta costituisce in ogni caso autorizzazione preventiva all\u2019addebito, secondo le modalit\u00e0 e i termini della prenotazione e del Regolamento. <br \/>All\u2019atto della prenotazione sul sito, l\u2019intero importo della prenotazione effettuata viene addebitato sulla carta fornita dal Cliente. <br \/>Qualora si voglia usufruire del rimborso, e la cancellazione avvenga nei termini previsti, l\u2019intero importo sar\u00e0 immediatamente ed automaticamente riaccreditato sulla medesima carta. <br \/>La prenotazione sar\u00e0 confermata solo a pagamento avvenuto. <br \/>I sistemi di prenotazione utilizzati da Villa Agnona utilizzano i pi\u00f9 avanzati standard di sicurezza per garantire la protezione e la privacy dei dati inseriti, come da separata informativa di legge.<\/p><p class=\"p1\"><strong>Documents<\/strong><\/p><p class=\"p1\">Il Cliente all\u2019atto della prenotazione o subito dopo ha l\u2019obbligo di inserire sul Portale Ospite o inviare direttamente a Villa Agnona i propri documenti e quelli degli accompagnatori che usufruiranno del soggiorno, almeno entro 24 ore prima del giorno di arrivo. <br \/>Ci\u00f2 ai fini di identificazione e per consentire la compilazione e comunicazione della presenza agli organi di polizia, come per legge. <br \/>L\u2019inserimento dei dati e\/o l\u2019inoltro dei documenti costituisce condizione essenziale per poter usufruire del servizio, pertanto decorso inutilmente il termine di cui sopra senza che l\u2019inserimento e\/o l\u2019invio dei documenti sia stato effettuato, Villa Agnona non invier\u00e0 al Cliente il Codice di Accesso all\u2019alloggio necessario per il self check-in e comunque non consentir\u00e0 l\u2019accesso all\u2019unit\u00e0, trattenendo le somme versate dal Cliente.<\/p><p class=\"p1\"><strong>Registration of guests<\/strong><\/p><p class=\"p1\">\u00c9 assolutamente vietato far accedere alla struttura e\/o all\u2019appartamento ospiti e persone non debitamente registrate all\u2019atto della prenotazione o successivamente.<\/p><p class=\"p1\"><strong>Terms of Cancellation of the Reservation<\/strong><\/p><p class=\"p1\">La prenotazione della camera e dell\u2019appartamento potr\u00e0 essere cancellata e\/o modificata gratuitamente entro 48 ore prima dell\u2019arrivo. Per cancellazioni successive o la mancata presentazione, sar\u00e0 addebitato l\u2019importo totale della prenotazione.<\/p><p class=\"p1\"><strong>Guests under 18 year old<\/strong><\/p><p class=\"p1\">Minors can stay in Villa Agnona only if accompanied by a parent or a legal guardian.<br \/>I genitori di bambini o ragazzi (o chi ne esercita la potest\u00e0 o li ha comunque in custodia) sono responsabili degli atti compiuti da minori all&#8217;interno della struttura e sono tenuti a sorvegliarli e ad accertarsi che mantengano un comportamento corretto nei confronti degli altri ospiti.<\/p><p class=\"p1\"><strong>Arrival and Departure times<\/strong><\/p><p class=\"p1\">Le camere e l\u2019appartamento sono disponibili per il check-in a partire dalle ore 15:00 del giorno di arrivo e devono essere lasciati liberi tassativamente entro le ore 11:00 del giorno di partenza, salvo eccezioni concordate e autorizzate. <br \/>Possibilit\u00e0 di accesso con self check-in. In caso di check-out ritardato rispetto all\u2019orario indicato, sar\u00e0 applicata una maggiorazione, secondo il seguente schema:<\/p><ul><li class=\"p1\">Fino a h 12.00: 10\u20ac<\/li><li class=\"p1\">Fino a h 13.00: 30\u20ac<\/li><li class=\"p1\">Fino a h 14.00: 40\u20ac<\/li><li class=\"p1\">Oltre le h 15.00 verr\u00e0 addebitato il costo di un pernottamento aggiuntivo, secondo il tariffario in vigore.<\/li><\/ul><p class=\"p1\">Le tariffe si intendono giornaliere indipendentemente dall&#8217;ora di ingresso.<\/p><p class=\"p1\"><strong>Customer Care<\/strong><\/p><p class=\"p1\">Il servizio Customer Care offerto da Villa Agnona \u00e8 a disposizione degli Ospiti dal luned\u00ec al venerd\u00ec, dalle ore 9 alle ore 18, previo avviso via WA. <br \/>Al di fuori di detti giorni e orari, l\u2019intervento degli operatori sar\u00e0 garantito, previo messaggio da parte del Cliente, solo in casi di comprovata urgenza.<\/p><p class=\"p1\"><strong>Bedding Configuration and Linen Replacement <\/strong><\/p><p class=\"p1\">Il Cliente dovr\u00e0 specificare le proprie preferenze o richieste come il letto aggiunto o la culla, all\u2019atto della prenotazione, entro e non oltre 24 ore antecedenti la data prevista per il check-in. <br \/>La pulizia delle camere sar\u00e0 effettuata quotidianamente. <br \/>La biancheria degli appartamenti viene sostituita come prevede il regolamento per le case vacanza, e quindi al check-in e al check-out dell\u2019ospite. <br \/>In casi eccezionali, potr\u00e0 essere autorizzato un cambio della biancheria su richiesta del Cliente. Detto cambio comporter\u00e0 l\u2019addebito di un supplemento, e quindi un costo extra di euro 25 a camera, per ciascun cambio di biancheria da letto e da bagno. <br \/>\u00c9 vietato asportare biancheria e beni appartenenti all&#8217;unit\u00e0 occupata. <br \/>Qualora il controllo successivo al check-out evidenziasse parti mancanti rispetto alla dotazione standard dell\u2019unit\u00e0, Villa Agnona applicher\u00e0 un extra a corrispondersi da parte del Cliente pari al costo di acquisto dei beni risultati mancanti.<\/p><p class=\"p1\"><strong>Compensation for Damages <\/strong><\/p><p class=\"p1\">Nel caso in cui a seguito del check-out o durante il soggiorno vengano constatati danni alla struttura, agli arredi e\/o dotazioni della stessa, il Cliente dovr\u00e0 provvedere a pagarne il corrispettivo a nuovo. <br \/>Il Customer Care proceder\u00e0 alla quantificazione dei danni riscontrati, comprensivi dei costi di riacquisto dei beni danneggiati o mancanti, dei costi di eventuali lavori di ripristino e provveder\u00e0 ad inoltrare formale comunicazione al Cliente entro due giorni lavorativi dal check-out.<\/p><p class=\"p1\"><strong>Wi-Fi <\/strong><\/p><p class=\"p1\">Nella struttura \u00e8 attiva una rete wi-fi gratuita, ad uso esclusivo dei Clienti. <br \/>Villa Agnona non \u00e8 responsabile di eventuali malfunzionamenti dovuti al provider di rete, ma potr\u00e0 semplicemente prendere in carico l\u2019eventuale segnalazione del Cliente per trasmetterla al medesimo.<\/p><p class=\"p1\"><strong>Pets<\/strong><\/p><p class=\"p1\">All\u2019interno di Villa Agnona, sia nelle camere che negli spazi comuni che sui terrazzi, non sono ammessi animali. La propriet\u00e0 si scusa per eventuali disagi.<\/p><p class=\"p1\"><strong>Smoking ban<\/strong><\/p><p class=\"p1\">E\u2019 severamente vietato fumare nelle camere, all&#8217;interno dell\u2019appartamento e dei locali comuni (naturalmente ad eccezione del terrazzo e del giardino all\u2019aperto). <br \/>L\u2019eventuale mancato rispetto del divieto, che sar\u00e0 accertato in sede di verifica dell\u2019unit\u00e0 dopo il check-out, comporter\u00e0 la necessit\u00e0 di operare una particolare pulizia dell\u2019unit\u00e0 e degli arredi, con trattamenti di sanificazione all\u2019ozono. Dati i costi elevati di tali interventi, si rende noto ai Clienti che verr\u00e0 applicata ai contravventori una penale di \u20ac 250,00 (duecentocinquanta).<\/p>\t\t\t\t\t\t\t\t<\/div>\n\t\t\t\t<\/div>\n\t\t\t\t\t<\/div>\n\t\t\t\t<\/div>\n\t\t\t\t<\/div>","protected":false},"excerpt":{"rendered":"<p>Regolamento della struttura Il Regolamento \u00e8 istituito per garantire a tutti gli ospiti un ordinato, sereno e pacifico utilizzo della struttura. Esso ha natura contrattuale pertanto l\u2019invio della prenotazione e\/o la compilazione dei dati sul Portale Ospite comporta per il Cliente formalmente e ad ogni effetto accettazione del presente Regolamento, in ogni sua clausola e [&hellip;]<\/p>\n","protected":false},"author":2,"featured_media":0,"parent":0,"menu_order":0,"comment_status":"closed","ping_status":"closed","template":"","meta":{"_jet_sm_ready_style":"","_jet_sm_style":"","_jet_sm_controls_values":"","_jet_sm_fonts_collection":"","_jet_sm_fonts_links":"","footnotes":""},"class_list":["post-3408","page","type-page","status-publish","hentry"],"yoast_head":"<!-- This site is optimized with the Yoast SEO plugin v27.1.1 - https:\/\/yoast.com\/product\/yoast-seo-wordpress\/ -->\n<title>Regolamento Villa Agnona - Villa Agnona<\/title>\n<meta name=\"robots\" content=\"index, follow, max-snippet:-1, max-image-preview:large, max-video-preview:-1\" \/>\n<link rel=\"canonical\" href=\"https:\/\/www.villaagnona.it\/en\/regolamento-villa-agnona\/\" \/>\n<meta property=\"og:locale\" content=\"en_GB\" \/>\n<meta property=\"og:type\" content=\"article\" \/>\n<meta property=\"og:title\" content=\"Regolamento Villa Agnona - Villa Agnona\" \/>\n<meta property=\"og:description\" content=\"Regolamento della struttura Il Regolamento \u00e8 istituito per garantire a tutti gli ospiti un ordinato, sereno e pacifico utilizzo della struttura. Esso ha natura contrattuale pertanto l\u2019invio della prenotazione e\/o la compilazione dei dati sul Portale Ospite comporta per il Cliente formalmente e ad ogni effetto accettazione del presente Regolamento, in ogni sua clausola e [&hellip;]\" \/>\n<meta property=\"og:url\" content=\"https:\/\/www.villaagnona.it\/en\/regolamento-villa-agnona\/\" \/>\n<meta property=\"og:site_name\" content=\"Villa Agnona\" \/>\n<meta property=\"article:modified_time\" content=\"2023-05-17T07:25:43+00:00\" \/>\n<meta name=\"twitter:card\" content=\"summary_large_image\" \/>\n<meta name=\"twitter:label1\" content=\"Estimated reading time\" \/>\n\t<meta name=\"twitter:data1\" content=\"5 minutes\" \/>\n<script type=\"application\/ld+json\" class=\"yoast-schema-graph\">{\"@context\":\"https:\/\/schema.org\",\"@graph\":[{\"@type\":\"WebPage\",\"@id\":\"https:\/\/www.villaagnona.it\/regolamento-villa-agnona\/\",\"url\":\"https:\/\/www.villaagnona.it\/regolamento-villa-agnona\/\",\"name\":\"Regolamento Villa Agnona - Villa Agnona\",\"isPartOf\":{\"@id\":\"https:\/\/www.villaagnona.it\/#website\"},\"datePublished\":\"2023-05-14T19:00:55+00:00\",\"dateModified\":\"2023-05-17T07:25:43+00:00\",\"breadcrumb\":{\"@id\":\"https:\/\/www.villaagnona.it\/regolamento-villa-agnona\/#breadcrumb\"},\"inLanguage\":\"en-GB\",\"potentialAction\":[{\"@type\":\"ReadAction\",\"target\":[\"https:\/\/www.villaagnona.it\/regolamento-villa-agnona\/\"]}]},{\"@type\":\"BreadcrumbList\",\"@id\":\"https:\/\/www.villaagnona.it\/regolamento-villa-agnona\/#breadcrumb\",\"itemListElement\":[{\"@type\":\"ListItem\",\"position\":1,\"name\":\"Home\",\"item\":\"https:\/\/www.villaagnona.it\/\"},{\"@type\":\"ListItem\",\"position\":2,\"name\":\"Regolamento Villa Agnona\"}]},{\"@type\":\"WebSite\",\"@id\":\"https:\/\/www.villaagnona.it\/#website\",\"url\":\"https:\/\/www.villaagnona.it\/\",\"name\":\"Villa Agnona\",\"description\":\"Ospitalit\u00e0 di Charme - Borgosesia - Vercelli\",\"publisher\":{\"@id\":\"https:\/\/www.villaagnona.it\/#organization\"},\"potentialAction\":[{\"@type\":\"SearchAction\",\"target\":{\"@type\":\"EntryPoint\",\"urlTemplate\":\"https:\/\/www.villaagnona.it\/?s={search_term_string}\"},\"query-input\":{\"@type\":\"PropertyValueSpecification\",\"valueRequired\":true,\"valueName\":\"search_term_string\"}}],\"inLanguage\":\"en-GB\"},{\"@type\":\"Organization\",\"@id\":\"https:\/\/www.villaagnona.it\/#organization\",\"name\":\"Villa Agnona\",\"url\":\"https:\/\/www.villaagnona.it\/\",\"logo\":{\"@type\":\"ImageObject\",\"inLanguage\":\"en-GB\",\"@id\":\"https:\/\/www.villaagnona.it\/#\/schema\/logo\/image\/\",\"url\":\"https:\/\/www.villaagnona.it\/wp-content\/uploads\/2021\/10\/VillaAgnona_logo.svg\",\"contentUrl\":\"https:\/\/www.villaagnona.it\/wp-content\/uploads\/2021\/10\/VillaAgnona_logo.svg\",\"width\":512,\"height\":390,\"caption\":\"Villa Agnona\"},\"image\":{\"@id\":\"https:\/\/www.villaagnona.it\/#\/schema\/logo\/image\/\"}}]}<\/script>\n<!-- \/ Yoast SEO plugin. -->","yoast_head_json":{"title":"Regolamento Villa Agnona - Villa Agnona","robots":{"index":"index","follow":"follow","max-snippet":"max-snippet:-1","max-image-preview":"max-image-preview:large","max-video-preview":"max-video-preview:-1"},"canonical":"https:\/\/www.villaagnona.it\/en\/regolamento-villa-agnona\/","og_locale":"en_GB","og_type":"article","og_title":"Regolamento Villa Agnona - Villa Agnona","og_description":"Regolamento della struttura Il Regolamento \u00e8 istituito per garantire a tutti gli ospiti un ordinato, sereno e pacifico utilizzo della struttura. Esso ha natura contrattuale pertanto l\u2019invio della prenotazione e\/o la compilazione dei dati sul Portale Ospite comporta per il Cliente formalmente e ad ogni effetto accettazione del presente Regolamento, in ogni sua clausola e [&hellip;]","og_url":"https:\/\/www.villaagnona.it\/en\/regolamento-villa-agnona\/","og_site_name":"Villa Agnona","article_modified_time":"2023-05-17T07:25:43+00:00","twitter_card":"summary_large_image","twitter_misc":{"Estimated reading time":"5 minutes"},"schema":{"@context":"https:\/\/schema.org","@graph":[{"@type":"WebPage","@id":"https:\/\/www.villaagnona.it\/regolamento-villa-agnona\/","url":"https:\/\/www.villaagnona.it\/regolamento-villa-agnona\/","name":"Regolamento Villa Agnona - Villa Agnona","isPartOf":{"@id":"https:\/\/www.villaagnona.it\/#website"},"datePublished":"2023-05-14T19:00:55+00:00","dateModified":"2023-05-17T07:25:43+00:00","breadcrumb":{"@id":"https:\/\/www.villaagnona.it\/regolamento-villa-agnona\/#breadcrumb"},"inLanguage":"en-GB","potentialAction":[{"@type":"ReadAction","target":["https:\/\/www.villaagnona.it\/regolamento-villa-agnona\/"]}]},{"@type":"BreadcrumbList","@id":"https:\/\/www.villaagnona.it\/regolamento-villa-agnona\/#breadcrumb","itemListElement":[{"@type":"ListItem","position":1,"name":"Home","item":"https:\/\/www.villaagnona.it\/"},{"@type":"ListItem","position":2,"name":"Regolamento Villa Agnona"}]},{"@type":"WebSite","@id":"https:\/\/www.villaagnona.it\/#website","url":"https:\/\/www.villaagnona.it\/","name":"Villa Agnona","description":"Ospitalit\u00e0 di Charme - Borgosesia - Vercelli","publisher":{"@id":"https:\/\/www.villaagnona.it\/#organization"},"potentialAction":[{"@type":"SearchAction","target":{"@type":"EntryPoint","urlTemplate":"https:\/\/www.villaagnona.it\/?s={search_term_string}"},"query-input":{"@type":"PropertyValueSpecification","valueRequired":true,"valueName":"search_term_string"}}],"inLanguage":"en-GB"},{"@type":"Organization","@id":"https:\/\/www.villaagnona.it\/#organization","name":"Villa Agnona","url":"https:\/\/www.villaagnona.it\/","logo":{"@type":"ImageObject","inLanguage":"en-GB","@id":"https:\/\/www.villaagnona.it\/#\/schema\/logo\/image\/","url":"https:\/\/www.villaagnona.it\/wp-content\/uploads\/2021\/10\/VillaAgnona_logo.svg","contentUrl":"https:\/\/www.villaagnona.it\/wp-content\/uploads\/2021\/10\/VillaAgnona_logo.svg","width":512,"height":390,"caption":"Villa Agnona"},"image":{"@id":"https:\/\/www.villaagnona.it\/#\/schema\/logo\/image\/"}}]}},"_links":{"self":[{"href":"https:\/\/www.villaagnona.it\/en\/wp-json\/wp\/v2\/pages\/3408","targetHints":{"allow":["GET"]}}],"collection":[{"href":"https:\/\/www.villaagnona.it\/en\/wp-json\/wp\/v2\/pages"}],"about":[{"href":"https:\/\/www.villaagnona.it\/en\/wp-json\/wp\/v2\/types\/page"}],"author":[{"embeddable":true,"href":"https:\/\/www.villaagnona.it\/en\/wp-json\/wp\/v2\/users\/2"}],"replies":[{"embeddable":true,"href":"https:\/\/www.villaagnona.it\/en\/wp-json\/wp\/v2\/comments?post=3408"}],"version-history":[{"count":3,"href":"https:\/\/www.villaagnona.it\/en\/wp-json\/wp\/v2\/pages\/3408\/revisions"}],"predecessor-version":[{"id":3464,"href":"https:\/\/www.villaagnona.it\/en\/wp-json\/wp\/v2\/pages\/3408\/revisions\/3464"}],"wp:attachment":[{"href":"https:\/\/www.villaagnona.it\/en\/wp-json\/wp\/v2\/media?parent=3408"}],"curies":[{"name":"wp","href":"https:\/\/api.w.org\/{rel}","templated":true}]}}